{"id":95,"date":"2023-05-13T21:22:35","date_gmt":"2023-05-13T21:22:35","guid":{"rendered":"https:\/\/villahorami.de\/?page_id=95"},"modified":"2023-05-20T17:37:21","modified_gmt":"2023-05-20T17:37:21","slug":"impressum","status":"publish","type":"page","link":"https:\/\/villahorami.de\/en\/impressum\/","title":{"rendered":"Impressum"},"content":{"rendered":"<div data-elementor-type=\"wp-page\" data-elementor-id=\"95\" class=\"elementor elementor-95\">\n\t\t\t\t\t\t\t\t\t<section class=\"elementor-section elementor-top-section elementor-element elementor-element-476eb6c8 elementor-section-boxed elementor-section-height-default elementor-section-height-default\" data-id=\"476eb6c8\" data-element_type=\"section\" data-settings=\"{&quot;background_background&quot;:&quot;classic&quot;}\">\n\t\t\t\t\t\t<div class=\"elementor-container elementor-column-gap-default\">\n\t\t\t\t\t<div class=\"elementor-column elementor-col-100 elementor-top-column elementor-element elementor-element-2d346db0\" data-id=\"2d346db0\" data-element_type=\"column\">\n\t\t\t<div class=\"elementor-widget-wrap elementor-element-populated\">\n\t\t\t\t\t\t\t\t<div class=\"elementor-element elementor-element-c0b80e3 elementor-widget elementor-widget-heading\" data-id=\"c0b80e3\" data-element_type=\"widget\" data-widget_type=\"heading.default\">\n\t\t\t\t<div class=\"elementor-widget-container\">\n\t\t\t<style>\/*! elementor - v3.13.2 - 11-05-2023 *\/\n.elementor-heading-title{padding:0;margin:0;line-height:1}.elementor-widget-heading .elementor-heading-title[class*=elementor-size-]>a{color:inherit;font-size:inherit;line-height:inherit}.elementor-widget-heading .elementor-heading-title.elementor-size-small{font-size:15px}.elementor-widget-heading .elementor-heading-title.elementor-size-medium{font-size:19px}.elementor-widget-heading .elementor-heading-title.elementor-size-large{font-size:29px}.elementor-widget-heading .elementor-heading-title.elementor-size-xl{font-size:39px}.elementor-widget-heading .elementor-heading-title.elementor-size-xxl{font-size:59px}<\/style><h2 class=\"elementor-heading-title elementor-size-default\">IMPRESSUM<\/h2>\t\t<\/div>\n\t\t\t\t<\/div>\n\t\t\t\t<div class=\"elementor-element elementor-element-6a8defad elementor-widget elementor-widget-text-editor\" data-id=\"6a8defad\" data-element_type=\"widget\" data-widget_type=\"text-editor.default\">\n\t\t\t\t<div class=\"elementor-widget-container\">\n\t\t\t<style>\/*! elementor - v3.13.2 - 11-05-2023 *\/\n.elementor-widget-text-editor.elementor-drop-cap-view-stacked .elementor-drop-cap{background-color:#69727d;color:#fff}.elementor-widget-text-editor.elementor-drop-cap-view-framed .elementor-drop-cap{color:#69727d;border:3px solid;background-color:transparent}.elementor-widget-text-editor:not(.elementor-drop-cap-view-default) .elementor-drop-cap{margin-top:8px}.elementor-widget-text-editor:not(.elementor-drop-cap-view-default) .elementor-drop-cap-letter{width:1em;height:1em}.elementor-widget-text-editor .elementor-drop-cap{float:left;text-align:center;line-height:1;font-size:50px}.elementor-widget-text-editor .elementor-drop-cap-letter{display:inline-block}<\/style>\t\t\t\t<p>ANGABEN GEM\u00c4SS \u00a7 5 TM<\/p>\n<p>HORAMI Villa<\/p>\n<p>Gardesch\u00fctzenweg 66<br>12203 Berlin<\/p>\n<p>Email: villa.horami@gmail.com<\/p>\n<p>Website: www.villahorami.de<\/p>\n<p><b>Vertreten durch<\/b><\/p>\n<p>Hanh Nguyen-Schwanke<\/p>\n<p><b>Registereintrag:<\/b><\/p>\n<p>Industrie- und Handelskammer Berlin<\/p>\n<p><b>Umsatzsteuer-ID:<\/b><\/p>\n<p>Umsatzsteuer-Identifikationsnummer gem\u00e4\u00df \u00a727 a Umsatzsteuergesetz: DE269766392<\/p>\n<p><b>EU-Streitschlichtung<br><\/b>Die Europ\u00e4ische Kommission stellt unter diesem Link eine Plattform zur Online-Streit\u00adbeilegung bereit. Unsere E-Mail-Adresse finden Sie oben im Impressum.<\/p>\n<p><b>Verbraucher\u00adstreit\u00adbeilegung<br><\/b>Wir sind nicht bereit oder verpflichtet, an Streit\u00adbeilegungs\u00adverfahren vor einer Verbraucher\u00adschlichtungs\u00adstelle teilzunehmen.<\/p>\n<p><b>Haftung f\u00fcr Inhalte<br><\/b>Als Dienste\u00adanbieter sind wir gem\u00e4\u00df \u00a7 7 Abs.1 TMG f\u00fcr eigene Inhalte auf diesen Seiten nach den allgemeinen Gesetzen verant\u00adwortlich. Nach \u00a7\u00a7 8 bis 10 TMG sind wir als Dienste\u00adanbieter jedoch nicht verpflichtet, \u00fcbermittelte oder gespeicherte fremde Informationen zu \u00fcberwachen oder nach Umst\u00e4nden zu forschen, die auf eine rechts\u00adwidrige T\u00e4tigkeit hinweisen. Verpflichtungen zur Entfernung oder Sperrung der Nutzung von Informationen nach den allgemeinen Gesetzen bleiben hiervon unber\u00fchrt. Eine dies\u00adbez\u00fcgliche Haftung ist jedoch erst ab dem Zeit\u00adpunkt der Kenntnis einer konkreten Rechts\u00adverletzung m\u00f6glich. Bei Bekannt\u00adwerden von entsprechenden Rechts\u00adverletzungen werden wir diese Inhalte umgehend entfernen.<\/p>\n<p><b>Haftung f\u00fcr Links<br><\/b>Unser Angebot enth\u00e4lt Links zu externen Websites Dritter, auf deren Inhalte wir keinen Einfluss haben. Deshalb k\u00f6nnen wir f\u00fcr diese fremden Inhalte auch keine Gew\u00e4hr \u00fcbernehmen. F\u00fcr die Inhalte der verlinkten Seiten ist stets der jeweilige Anbieter oder Betreiber der Seiten verant\u00adwortlich. Die verlinkten Seiten wurden zum Zeit\u00adpunkt der Verlinkung auf m\u00f6gliche Rechts\u00adverst\u00f6\u00dfe \u00fcberpr\u00fcft. Rechts\u00adwidrige Inhalte waren zum Zeit\u00adpunkt der Verlinkung nicht erkennbar. Eine permanente inhaltliche Kontrolle der verlinkten Seiten ist jedoch ohne konkrete Anhalts\u00adpunkte einer Rechts\u00adverletzung nicht zumutbar. Bei Bekannt\u00adwerden von Rechts\u00adverletzungen werden wir derartige Links umgehend entfernen.<\/p>\n<p><b>Urheberrecht<br><\/b>Die durch die Seiten\u00adbetreiber erstellten Inhalte und Werke auf diesen Seiten unterliegen dem deutschen Urheber\u00adrecht. Die Verviel\u00adf\u00e4ltigung, Bearbeitung, Verbreitung und jede Art der Verwertung au\u00dferhalb der Grenzen des Urheber\u00adrechtes bed\u00fcrfen der schriftlichen Zustimmung des jeweiligen Autors bzw. Erstellers. Downloads und Kopien dieser Seite sind nur f\u00fcr den privaten, nicht kommerziellen Gebrauch gestattet. Soweit die Inhalte auf dieser Seite nicht vom Betreiber erstellt wurden, werden die Urheber\u00adrechte Dritter beachtet. Insbesondere werden Inhalte Dritter als solche gekennzeichnet. Sollten Sie trotzdem auf eine Urheber\u00adrechts\u00adverletzung aufmerksam werden, bitten wir um einen entsprechenden Hinweis. Bei Bekannt\u00adwerden von Rechts\u00adverletzungen werden wir derartige Inhalte umgehend entfernen.<\/p>\t\t\t\t\t\t<\/div>\n\t\t\t\t<\/div>\n\t\t\t\t\t<\/div>\n\t\t<\/div>\n\t\t\t\t\t\t\t<\/div>\n\t\t<\/section>\n\t\t\t\t\t\t\t<\/div>","protected":false},"excerpt":{"rendered":"<p>IMPRESSUM ANGABEN GEM\u00c4SS \u00a7 5 TM HORAMI Villa Gardesch\u00fctzenweg 6612203 Berlin Email: villa.horami@gmail.com Website: www.villahorami.de Vertreten durch Hanh Nguyen-Schwanke Registereintrag: Industrie- und Handelskammer Berlin Umsatzsteuer-ID: Umsatzsteuer-Identifikationsnummer gem\u00e4\u00df \u00a727 a Umsatzsteuergesetz: DE269766392 EU-StreitschlichtungDie Europ\u00e4ische Kommission stellt unter diesem Link eine Plattform zur Online-Streit\u00adbeilegung bereit. Unsere E-Mail-Adresse finden Sie oben im Impressum. Verbraucher\u00adstreit\u00adbeilegungWir sind nicht bereit oder [&hellip;]<\/p>","protected":false},"author":1,"featured_media":0,"parent":0,"menu_order":0,"comment_status":"closed","ping_status":"closed","template":"","meta":[],"_links":{"self":[{"href":"https:\/\/villahorami.de\/en\/wp-json\/wp\/v2\/pages\/95"}],"collection":[{"href":"https:\/\/villahorami.de\/en\/wp-json\/wp\/v2\/pages"}],"about":[{"href":"https:\/\/villahorami.de\/en\/wp-json\/wp\/v2\/types\/page"}],"author":[{"embeddable":true,"href":"https:\/\/villahorami.de\/en\/wp-json\/wp\/v2\/users\/1"}],"replies":[{"embeddable":true,"href":"https:\/\/villahorami.de\/en\/wp-json\/wp\/v2\/comments?post=95"}],"version-history":[{"count":13,"href":"https:\/\/villahorami.de\/en\/wp-json\/wp\/v2\/pages\/95\/revisions"}],"predecessor-version":[{"id":755,"href":"https:\/\/villahorami.de\/en\/wp-json\/wp\/v2\/pages\/95\/revisions\/755"}],"wp:attachment":[{"href":"https:\/\/villahorami.de\/en\/wp-json\/wp\/v2\/media?parent=95"}],"curies":[{"name":"wp","href":"https:\/\/api.w.org\/{rel}","templated":true}]}}